{"id":730,"date":"2024-10-20T08:34:05","date_gmt":"2024-10-20T06:34:05","guid":{"rendered":"https:\/\/shop.bianka-mertes.de\/wopr\/?post_type=product&#038;p=730"},"modified":"2024-10-20T22:44:56","modified_gmt":"2024-10-20T20:44:56","slug":"tabea-und-manolo-5-hardcover","status":"publish","type":"product","link":"https:\/\/shop.bianka-mertes.de\/wopr\/produkt\/tabea-und-manolo-5-hardcover\/","title":{"rendered":"Tabea und Manolo 5 Hardcover"},"content":{"rendered":"<p>Hardcover<\/p>\n<p>Beschreibung:<\/p>\n<p>Tabea staunt nicht schlecht, als ihnen pl\u00f6tzlich ihr Vater und andere g\u00f6ttliche Drachen einen Besuch abstatten. Nat\u00fcrlich war ihr Vater b\u00f6se auf sie, denn ohne Erlaubnis einfach zu verschwinden, war auch im g\u00f6ttlichen Drachenreich nicht gut. Nachdem sie dann auch noch erf\u00e4hrt, dass der Wasserdrache eigentlich zu ihrer Familie geh\u00f6rt, ist sie ganz aus dem H\u00e4uschen. Zudem erwartet Tabea eine ganz besondere Ehre, denn ihre Taten hatten viel mit Weisheit zu tun. Dennoch kann sie nicht \u00fcber ihren Schatten springen und fliegt gemeinsam mit Manolo zu dessen Mutter, um mehr \u00fcber ihre eigene Mutter zu erfahren. Ob das eine gute Entscheidung war? Der letzte Teil dieser Reihe ist nur ein Vorgeschmack auf weitere Abenteuer mit Tabea und Manolo. Also kein Abschied f\u00fcr immer. Wie immer findest du am Schluss wieder sch\u00f6ne Ausmalbilder<\/p>\n<ul class=\"a-unordered-list a-nostyle a-vertical a-spacing-none detail-bullet-list\">\n<li><span class=\"a-list-item\"><span class=\"a-text-bold\">Herausgeber \u200f : \u200e\u00a0<\/span>tredition (1. M\u00e4rz 2023)<\/span><\/li>\n<li><span class=\"a-list-item\"><span class=\"a-text-bold\">Sprache \u200f : \u200e\u00a0<\/span>Deutsch<\/span><\/li>\n<li><span class=\"a-list-item\"><span class=\"a-text-bold\">Gebundene Ausgabe \u200f : \u200e\u00a0<\/span>92 Seiten<\/span><\/li>\n<li><span class=\"a-list-item\"><span class=\"a-text-bold\">ISBN-10 \u200f : \u200e\u00a0<\/span>334780046X<\/span><\/li>\n<li><span class=\"a-list-item\"><span class=\"a-text-bold\">ISBN-13 \u200f : \u200e\u00a0<\/span>978-3347800465<\/span><\/li>\n<li><span class=\"a-list-item\"><span class=\"a-text-bold\">Lesealter \u200f : \u200e\u00a0<\/span>Ab 4\u00a0Jahren<\/span><\/li>\n<li><span class=\"a-list-item\"><span class=\"a-text-bold\">Abmessungen \u200f : \u200e\u00a0<\/span>17.5 x 1.2 x 24.6 cm<\/span><\/li>\n<\/ul>\n","protected":false},"excerpt":{"rendered":"<p>Hardcover<\/p>\n<p>Beschreibung:<\/p>\n<p>Tabea staunt nicht schlecht, als ihnen pl\u00f6tzlich ihr Vater und andere g\u00f6ttliche Drachen einen Besuch abstatten. Nat\u00fcrlich war ihr Vater b\u00f6se auf sie, denn ohne Erlaubnis einfach zu verschwinden, war auch im g\u00f6ttlichen Drachenreich nicht gut. Nachdem sie dann auch noch erf\u00e4hrt, dass der Wasserdrache eigentlich zu ihrer Familie geh\u00f6rt, ist sie ganz aus dem H\u00e4uschen. Zudem erwartet Tabea eine ganz besondere Ehre, denn ihre Taten hatten viel mit Weisheit zu tun. Dennoch kann sie nicht \u00fcber ihren Schatten springen und fliegt gemeinsam mit Manolo zu dessen Mutter, um mehr \u00fcber ihre eigene Mutter zu erfahren. Ob das eine gute Entscheidung war? Der letzte Teil dieser Reihe ist nur ein Vorgeschmack auf weitere Abenteuer mit Tabea und Manolo. Also kein Abschied f\u00fcr immer. Wie immer findest du am Schluss wieder sch\u00f6ne Ausmalbilder<\/p>\n","protected":false},"featured_media":731,"comment_status":"open","ping_status":"closed","template":"","meta":[],"product_brand":[],"product_cat":[42],"product_tag":[47,43,44,46,45],"class_list":{"0":"post-730","1":"product","2":"type-product","3":"status-publish","4":"has-post-thumbnail","6":"product_cat-kinderbuch","7":"product_tag-hardcover","8":"product_tag-kinder","9":"product_tag-kinderbuch","10":"product_tag-manolo","11":"product_tag-tabea","13":"first","14":"instock","15":"sold-individually","16":"shipping-taxable","17":"purchasable","18":"product-type-simple"},"jetpack_sharing_enabled":true,"_links":{"self":[{"href":"https:\/\/shop.bianka-mertes.de\/wopr\/wp-json\/wp\/v2\/product\/730","targetHints":{"allow":["GET"]}}],"collection":[{"href":"https:\/\/shop.bianka-mertes.de\/wopr\/wp-json\/wp\/v2\/product"}],"about":[{"href":"https:\/\/shop.bianka-mertes.de\/wopr\/wp-json\/wp\/v2\/types\/product"}],"replies":[{"embeddable":true,"href":"https:\/\/shop.bianka-mertes.de\/wopr\/wp-json\/wp\/v2\/comments?post=730"}],"wp:featuredmedia":[{"embeddable":true,"href":"https:\/\/shop.bianka-mertes.de\/wopr\/wp-json\/wp\/v2\/media\/731"}],"wp:attachment":[{"href":"https:\/\/shop.bianka-mertes.de\/wopr\/wp-json\/wp\/v2\/media?parent=730"}],"wp:term":[{"taxonomy":"product_brand","embeddable":true,"href":"https:\/\/shop.bianka-mertes.de\/wopr\/wp-json\/wp\/v2\/product_brand?post=730"},{"taxonomy":"product_cat","embeddable":true,"href":"https:\/\/shop.bianka-mertes.de\/wopr\/wp-json\/wp\/v2\/product_cat?post=730"},{"taxonomy":"product_tag","embeddable":true,"href":"https:\/\/shop.bianka-mertes.de\/wopr\/wp-json\/wp\/v2\/product_tag?post=730"}],"curies":[{"name":"wp","href":"https:\/\/api.w.org\/{rel}","templated":true}]}}