{"id":755,"date":"2024-10-20T10:23:54","date_gmt":"2024-10-20T08:23:54","guid":{"rendered":"https:\/\/shop.bianka-mertes.de\/wopr\/?post_type=product&#038;p=755"},"modified":"2024-10-20T22:45:09","modified_gmt":"2024-10-20T20:45:09","slug":"ich-benehm-mich-immer-70-tage-belohnungs-und-tagebuch","status":"publish","type":"product","link":"https:\/\/shop.bianka-mertes.de\/wopr\/produkt\/ich-benehm-mich-immer-70-tage-belohnungs-und-tagebuch\/","title":{"rendered":"Ich benehm mich immer!?: 70 Tage Belohnungs- und Tagebuch"},"content":{"rendered":"<p>Taschenbuch<\/p>\n<p>Dieses Buch ist nicht nur ein Buch der Belohnungen, wenn das Kind sich an Regeln h\u00e4lt, jeden Tag einen Punkt ausmalen darf, und sich auf eine Kleinigkeit freuen kann. Sondern es bleibt auch eine sch\u00f6ne Erinnerung in Form eines Tagebuches f\u00fcr die Eltern. Vielleicht sp\u00e4ter auch ein sch\u00f6nes Geschenk, wenn aus dem kleinen Menschen, ein Erwachsener wird, der seinen eigenen Weg gehen wird.<\/p>\n<p>1. Die Idee dahinter<\/p>\n<p>Ich bin Mama von vier Kindern und zweifache Oma. Es ist nur nat\u00fcrlich, sich Fragen \u00fcber die richtige Erziehung zu machen. Dabei sto\u00dfen wir auf viele verschiedene Methoden und NEIN, nicht jede trifft auf jedes Kind zu. Jedes Kind ist ein eigenst\u00e4ndiger Mensch, hat verschiedene Bed\u00fcrfnisse, braucht andersartige Regeln und Struktur. Das jedoch unterscheidet sich in keiner Weise von einem Erwachsenen. Auch wir lernen stetig, sind neugierig und wollen mehr aus unserem Umfeld erfahren. Kinder sind die gr\u00f6\u00dften Sch\u00e4tze dieser Erde, mit keinem Geld der Welt aufzuwiegen. Dennoch versuchen wir ihnen, nach bestem Wissen Regeln aufzustellen, an die sie sich halten sollen. Doch wie bewerkstelligt man das? Einfaches Lernen mit Spa\u00df.<\/p>\n<p>2. Das System<\/p>\n<p>Wie gesagt, bin ich Mutter und Oma, jedoch bei weitem nicht allwissend. Was bei uns aber gut funktioniert hat und es auch noch immer tut, war ein Tagebuch, welches das Kind selbst ausf\u00fcllen durfte. Jeden Tag durfte das Kind sich selbst einsch\u00e4tzen, einen Punkt an der richtigen Stelle vergeben. Danach war ich bzw. meine Tochter an der Reihe. Auch wir sch\u00e4tzen das Benehmen des Kindes, vergaben ebenfalls einen Punkt. Darunter ist Platz f\u00fcr Ihre Anmerkung und vielleicht f\u00fcr eine Idee des Kindes, es das n\u00e4chste Mal besser zu machen. Einfach reden, erkl\u00e4ren und schlechte Zeiten verzeihen und vergessen. Nachgehakt wird nicht, hat mein Papa immer gesagt. \ud83d\ude09<\/p>\n<p>3. Freudige \u00dcberraschung<\/p>\n<p>Kleine Bestechungen vers\u00fc\u00dfen nicht nur den Tag, sondern animieren jeden Menschen. So auch die Kleinen, die sich gern einmal etwas S\u00fc\u00dfes verdienen, einen Tag im Zoo, eine kleine Anerkennung eben. Dabei sind Ihren Ideen keine Grenzen gesetzt, lassen Sie sich das Passende f\u00fcr Ihr Kind einfallen. Auch hier ist jedes Kind und seine Bed\u00fcrfnisse anders gestrickt, deshalb kann ich nur Ideen liefern. Nach einer Woche vielleicht ein etwas gr\u00f6\u00dferes Geschenk? Nach einem Monat dann etwas ganz Besonderes? \u00dcberlegen Sie, was Ihrem Kind Freude bereitet, belohnen und loben Sie es. Vielleicht auch jeden Tag einen Lutscher oder was ihm besser gef\u00e4llt. Kinder brauchen Lob und Anerkennung, besonders dann, wenn sie alles richtig gemacht haben. Kleine Fehler kann man aber auch einmal verzeihen. \ud83d\ude09<br \/>\nZus\u00e4tzlich habe ich bereits f\u00fcr jede Woche eine kleine Belohnung eingebaut. Ein s\u00fc\u00dfes Ausmalbild. Am Ende finden Sie noch eine Tabelle f\u00fcr 70 Tage, in der Sie noch einmal alles eintragen und sich einen \u00dcberblick verschaffen k\u00f6nnen.<\/p>\n<p>Ich hoffe, ich kann Ihnen eine kleine Anregung geben, Ihnen vielleicht etwas behilflich sein und Ihrem gr\u00f6\u00dften Schatz ein kleines Leuchten in die Augen zaubern. Zudem bleibt Ihnen mit diesem Tagebuch eine Erinnerung f\u00fcrs Leben.<br \/>\nWenn beide Teile zufrieden sind, wird das Leben einfacher.<\/p>\n<ul class=\"a-unordered-list a-nostyle a-vertical a-spacing-none detail-bullet-list\">\n<li><span class=\"a-list-item\"><span class=\"a-text-bold\">ASIN \u200f : \u200e\u00a0<\/span>B0DK997PJ3<\/span><\/li>\n<li><span class=\"a-list-item\"><span class=\"a-text-bold\">Herausgeber \u200f : \u200e\u00a0<\/span>Independently published (13. Oktober 2024)<\/span><\/li>\n<li><span class=\"a-list-item\"><span class=\"a-text-bold\">Sprache \u200f : \u200e\u00a0<\/span>Deutsch<\/span><\/li>\n<li><span class=\"a-list-item\"><span class=\"a-text-bold\">Taschenbuch \u200f : \u200e\u00a0<\/span>92 Seiten<\/span><\/li>\n<li><span class=\"a-list-item\"><span class=\"a-text-bold\">Lesealter \u200f : \u200e\u00a0<\/span>3\u201318\u00a0Jahre<\/span><\/li>\n<li><span class=\"a-list-item\"><span class=\"a-text-bold\">Abmessungen \u200f : \u200e\u00a0<\/span>15.24 x 0.53 x 22.86 cm<\/span><\/li>\n<\/ul>\n","protected":false},"excerpt":{"rendered":"<p>Taschenbuch<\/p>\n<p>Dieses Buch ist nicht nur ein Buch der Belohnungen, wenn das Kind sich an Regeln h\u00e4lt, jeden Tag einen Punkt ausmalen darf, und sich auf eine Kleinigkeit freuen kann. Sondern es bleibt auch eine sch\u00f6ne Erinnerung in Form eines Tagebuches f\u00fcr die Eltern. Vielleicht sp\u00e4ter auch ein sch\u00f6nes Geschenk, wenn aus dem kleinen Menschen, ein Erwachsener wird, der seinen eigenen Weg gehen wird.<\/p>\n","protected":false},"featured_media":756,"comment_status":"closed","ping_status":"closed","template":"","meta":[],"product_brand":[],"product_cat":[42,49],"product_tag":[53,51,52,43,50],"class_list":{"0":"post-755","1":"product","2":"type-product","3":"status-publish","4":"has-post-thumbnail","6":"product_cat-kinderbuch","7":"product_cat-eltern","8":"product_tag-belohnung","9":"product_tag-eltern","10":"product_tag-erziehung","11":"product_tag-kinder","12":"product_tag-tagebuch","14":"first","15":"outofstock","16":"shipping-taxable","17":"purchasable","18":"product-type-simple"},"jetpack_sharing_enabled":true,"_links":{"self":[{"href":"https:\/\/shop.bianka-mertes.de\/wopr\/wp-json\/wp\/v2\/product\/755","targetHints":{"allow":["GET"]}}],"collection":[{"href":"https:\/\/shop.bianka-mertes.de\/wopr\/wp-json\/wp\/v2\/product"}],"about":[{"href":"https:\/\/shop.bianka-mertes.de\/wopr\/wp-json\/wp\/v2\/types\/product"}],"replies":[{"embeddable":true,"href":"https:\/\/shop.bianka-mertes.de\/wopr\/wp-json\/wp\/v2\/comments?post=755"}],"wp:featuredmedia":[{"embeddable":true,"href":"https:\/\/shop.bianka-mertes.de\/wopr\/wp-json\/wp\/v2\/media\/756"}],"wp:attachment":[{"href":"https:\/\/shop.bianka-mertes.de\/wopr\/wp-json\/wp\/v2\/media?parent=755"}],"wp:term":[{"taxonomy":"product_brand","embeddable":true,"href":"https:\/\/shop.bianka-mertes.de\/wopr\/wp-json\/wp\/v2\/product_brand?post=755"},{"taxonomy":"product_cat","embeddable":true,"href":"https:\/\/shop.bianka-mertes.de\/wopr\/wp-json\/wp\/v2\/product_cat?post=755"},{"taxonomy":"product_tag","embeddable":true,"href":"https:\/\/shop.bianka-mertes.de\/wopr\/wp-json\/wp\/v2\/product_tag?post=755"}],"curies":[{"name":"wp","href":"https:\/\/api.w.org\/{rel}","templated":true}]}}